{"id":2404,"date":"2025-06-11T12:13:14","date_gmt":"2025-06-11T09:13:14","guid":{"rendered":"https:\/\/404magni.com\/?page_id=2404"},"modified":"2025-08-18T17:29:46","modified_gmt":"2025-08-18T14:29:46","slug":"sektorel-uygulama-alanlari","status":"publish","type":"page","link":"https:\/\/404magni.com\/en\/sektorel-uygulama-alanlari\/","title":{"rendered":"Sectoral Application Areas"},"content":{"rendered":"<div class=\"fusion-fullwidth fullwidth-box fusion-builder-row-1 fusion-flex-container has-pattern-background has-mask-background nonhundred-percent-fullwidth non-hundred-percent-height-scrolling\" style=\"--awb-border-radius-top-left:0px;--awb-border-radius-top-right:0px;--awb-border-radius-bottom-right:0px;--awb-border-radius-bottom-left:0px;--awb-padding-top:100px;--awb-padding-bottom:100px;--awb-background-color:#000000;--awb-flex-wrap:wrap;\" ><div class=\"fusion-builder-row fusion-row fusion-flex-align-items-flex-start fusion-flex-content-wrap\" style=\"max-width:1248px;margin-left: calc(-4% \/ 2 );margin-right: calc(-4% \/ 2 );\"><div class=\"fusion-layout-column fusion_builder_column fusion-builder-column-0 fusion_builder_column_2_3 2_3 fusion-flex-column\" style=\"--awb-bg-size:cover;--awb-width-large:66.666666666667%;--awb-spacing-right-large:2.88%;--awb-margin-bottom-large:0px;--awb-spacing-left-large:2.88%;--awb-width-medium:66.666666666667%;--awb-order-medium:0;--awb-spacing-right-medium:2.88%;--awb-spacing-left-medium:2.88%;--awb-width-small:100%;--awb-order-small:0;--awb-spacing-right-small:1.92%;--awb-spacing-left-small:1.92%;\"><div class=\"fusion-column-wrapper fusion-column-has-shadow fusion-flex-justify-content-flex-start fusion-content-layout-column\"><div class=\"fusion-title title fusion-title-1 fusion-sep-none fusion-title-text fusion-title-size-four\" style=\"--awb-text-color:#ffffff;--awb-margin-bottom:30px;--awb-font-size:2em;\"><h4 class=\"fusion-title-heading title-heading-left fusion-responsive-typography-calculated\" style=\"margin:0;font-size:1em;text-transform:capitalize;--fontSize:34;line-height:1.4;\"><div style=\"text-align: left;\"><span style=\"background-color: rgba(0, 0, 0, 0); font-size: 1em;\">Sectoral Application Areas<\/span><\/div><\/h4><\/div><div class=\"fusion-text fusion-text-1 fusion-text-no-margin\" style=\"--awb-margin-bottom:60px;\"><p style=\"color: #ffffff; text-align: left;\">&nbsp;<\/p>\n<p style=\"color: #ffffff; text-align: left;\"><span style=\"background-color: rgba(0, 0, 0, 0);\">Fire Safety Solutions for Every Sector<\/span><\/p>\n<p style=\"color: #ffffff; text-align: left;\">At 404 Magni, we tailor our fire safety services to the needs of different sectors. The risk profile, intended use and structural features of each facility are different. For this reason; we plan all the solutions we offer from consultancy to project design, from implementation to maintenance services with sector-based analysis.<\/p>\n<p style=\"color: #ffffff; text-align: left;\">Our aim is to establish the most suitable fire safety infrastructure for every sector to protect the safety of people and the continuity of facilities.<\/p>\n<\/div><\/div><\/div><div class=\"fusion-layout-column fusion_builder_column fusion-builder-column-1 fusion_builder_column_1_3 1_3 fusion-flex-column\" style=\"--awb-bg-size:cover;--awb-width-large:33.333333333333%;--awb-spacing-right-large:5.76%;--awb-margin-bottom-large:0px;--awb-spacing-left-large:5.76%;--awb-width-medium:33.333333333333%;--awb-order-medium:0;--awb-spacing-right-medium:5.76%;--awb-spacing-left-medium:5.76%;--awb-width-small:100%;--awb-order-small:0;--awb-spacing-right-small:1.92%;--awb-spacing-left-small:1.92%;\"><div class=\"fusion-column-wrapper fusion-column-has-shadow fusion-flex-justify-content-flex-start fusion-content-layout-column\"><div class=\"fusion-image-element\" style=\"--awb-caption-title-font-family:var(--h2_typography-font-family);--awb-caption-title-font-weight:var(--h2_typography-font-weight);--awb-caption-title-font-style:var(--h2_typography-font-style);--awb-caption-title-size:var(--h2_typography-font-size);--awb-caption-title-transform:var(--h2_typography-text-transform);--awb-caption-title-line-height:var(--h2_typography-line-height);--awb-caption-title-letter-spacing:var(--h2_typography-letter-spacing);\"><span class=\"fusion-imageframe imageframe-none imageframe-1 hover-type-none\"><img decoding=\"async\" width=\"1500\" height=\"1760\" title=\"Sekt\u00f6rel-Uygulama-Alanlar\u0131-TR\" src=\"https:\/\/404magni.com\/wp-content\/uploads\/2025\/06\/Sektorel-Uygulama-Alanlari-EN.jpg\" data-orig-src=\"https:\/\/404magni.com\/wp-content\/uploads\/2025\/06\/Sektorel-Uygulama-Alanlari-TR.jpg\" alt class=\"lazyload img-responsive wp-image-2639\" srcset=\"https:\/\/404magni.com\/wp-content\/uploads\/2025\/06\/Sektorel-Uygulama-Alanlari-EN-10x12.jpg 10w, https:\/\/404magni.com\/wp-content\/uploads\/2025\/06\/Sektorel-Uygulama-Alanlari-EN-200x235.jpg 200w, https:\/\/404magni.com\/wp-content\/uploads\/2025\/06\/Sektorel-Uygulama-Alanlari-EN-256x300.jpg 256w, https:\/\/404magni.com\/wp-content\/uploads\/2025\/06\/Sektorel-Uygulama-Alanlari-EN-400x469.jpg 400w, https:\/\/404magni.com\/wp-content\/uploads\/2025\/06\/Sektorel-Uygulama-Alanlari-EN-500x587.jpg 500w, https:\/\/404magni.com\/wp-content\/uploads\/2025\/06\/Sektorel-Uygulama-Alanlari-EN-600x704.jpg 600w, https:\/\/404magni.com\/wp-content\/uploads\/2025\/06\/Sektorel-Uygulama-Alanlari-EN-700x821.jpg 700w, https:\/\/404magni.com\/wp-content\/uploads\/2025\/06\/Sektorel-Uygulama-Alanlari-EN-768x901.jpg 768w, https:\/\/404magni.com\/wp-content\/uploads\/2025\/06\/Sektorel-Uygulama-Alanlari-EN-800x939.jpg 800w, https:\/\/404magni.com\/wp-content\/uploads\/2025\/06\/Sektorel-Uygulama-Alanlari-EN-873x1024.jpg 873w, https:\/\/404magni.com\/wp-content\/uploads\/2025\/06\/Sektorel-Uygulama-Alanlari-EN-1200x1408.jpg 1200w, https:\/\/404magni.com\/wp-content\/uploads\/2025\/06\/Sektorel-Uygulama-Alanlari-EN-1309x1536.jpg 1309w, https:\/\/404magni.com\/wp-content\/uploads\/2025\/06\/Sektorel-Uygulama-Alanlari-EN.jpg 1500w\" data-srcset=\"https:\/\/404magni.com\/wp-content\/uploads\/2025\/06\/Sektorel-Uygulama-Alanlari-EN-10x12.jpg 10w, https:\/\/404magni.com\/wp-content\/uploads\/2025\/06\/Sektorel-Uygulama-Alanlari-EN-200x235.jpg 200w, https:\/\/404magni.com\/wp-content\/uploads\/2025\/06\/Sektorel-Uygulama-Alanlari-EN-256x300.jpg 256w, https:\/\/404magni.com\/wp-content\/uploads\/2025\/06\/Sektorel-Uygulama-Alanlari-EN-400x469.jpg 400w, https:\/\/404magni.com\/wp-content\/uploads\/2025\/06\/Sektorel-Uygulama-Alanlari-EN-500x587.jpg 500w, https:\/\/404magni.com\/wp-content\/uploads\/2025\/06\/Sektorel-Uygulama-Alanlari-EN-600x704.jpg 600w, https:\/\/404magni.com\/wp-content\/uploads\/2025\/06\/Sektorel-Uygulama-Alanlari-EN-700x821.jpg 700w, https:\/\/404magni.com\/wp-content\/uploads\/2025\/06\/Sektorel-Uygulama-Alanlari-EN-768x901.jpg 768w, https:\/\/404magni.com\/wp-content\/uploads\/2025\/06\/Sektorel-Uygulama-Alanlari-EN-800x939.jpg 800w, https:\/\/404magni.com\/wp-content\/uploads\/2025\/06\/Sektorel-Uygulama-Alanlari-EN-873x1024.jpg 873w, https:\/\/404magni.com\/wp-content\/uploads\/2025\/06\/Sektorel-Uygulama-Alanlari-EN-1200x1408.jpg 1200w, https:\/\/404magni.com\/wp-content\/uploads\/2025\/06\/Sektorel-Uygulama-Alanlari-EN-1309x1536.jpg 1309w, https:\/\/404magni.com\/wp-content\/uploads\/2025\/06\/Sektorel-Uygulama-Alanlari-EN.jpg 1500w\" data-sizes=\"auto\" data-orig-sizes=\"(max-width: 800px) 100vw, 400px\" \/><\/span><\/div><\/div><\/div><div class=\"fusion-layout-column fusion_builder_column fusion-builder-column-2 fusion_builder_column_1_1 1_1 fusion-flex-column\" style=\"--awb-bg-size:cover;--awb-width-large:100%;--awb-spacing-right-large:1.92%;--awb-margin-bottom-large:0px;--awb-spacing-left-large:1.92%;--awb-width-medium:100%;--awb-order-medium:0;--awb-spacing-right-medium:1.92%;--awb-spacing-left-medium:1.92%;--awb-width-small:100%;--awb-order-small:0;--awb-spacing-right-small:1.92%;--awb-spacing-left-small:1.92%;\"><div class=\"fusion-column-wrapper fusion-column-has-shadow fusion-flex-justify-content-flex-start fusion-content-layout-column\"><div class=\"fusion-title title fusion-title-2 fusion-sep-none fusion-title-text fusion-title-size-four\" style=\"--awb-text-color:#ffffff;--awb-margin-bottom:30px;--awb-font-size:2em;\"><h4 class=\"fusion-title-heading title-heading-left fusion-responsive-typography-calculated\" style=\"margin:0;font-size:1em;text-transform:capitalize;--fontSize:34;line-height:1.4;\"><div style=\"text-align: left;\">Some of the Application Areas<\/div><\/h4><\/div><ul style=\"--awb-size:17px;--awb-margin-bottom:60px;--awb-iconcolor:var(--awb-color5);--awb-line-height:28.9px;--awb-icon-width:28.9px;--awb-icon-height:28.9px;--awb-icon-margin:11.9px;--awb-content-margin:40.8px;\" class=\"fusion-checklist fusion-checklist-1 fusion-checklist-default type-icons\"><li class=\"fusion-li-item\" style=\"\"><span class=\"icon-wrapper circle-no\"><i class=\"fusion-li-icon fa-dot-circle fas\" aria-hidden=\"true\"><\/i><\/span><div class=\"fusion-li-item-content\">\n<p style=\"color: #ffffff;\"><span style=\"color: #ffffff; background-color: rgba(255, 255, 255, 0);\"><b><u>Industrial Plants<\/u><\/b><\/span><\/p>\n<\/div><\/li><li class=\"fusion-li-item\" style=\"\"><span class=\"icon-wrapper circle-no\"><i class=\"fusion-li-icon fa-dot-circle fas\" aria-hidden=\"true\"><\/i><\/span><div class=\"fusion-li-item-content\">\n<p style=\"color: rgb(255, 255, 255);\"><span style=\"color: rgb(17, 17, 17); background-color: rgba(255, 255, 255, 0);\"><b style=\"color: rgb(255, 255, 255);\"><u>Housing and Communal Areas<\/u><\/b><\/span><\/p>\n<\/div><\/li><li class=\"fusion-li-item\" style=\"\"><span class=\"icon-wrapper circle-no\"><i class=\"fusion-li-icon fa-dot-circle fas\" aria-hidden=\"true\"><\/i><\/span><div class=\"fusion-li-item-content\">\n<p style=\"color: rgb(255, 255, 255);\"><u>Shopping Centers &amp; Commercial Buildings<\/u><\/p>\n<\/div><\/li><li class=\"fusion-li-item\" style=\"\"><span class=\"icon-wrapper circle-no\"><i class=\"fusion-li-icon fa-dot-circle fas\" aria-hidden=\"true\"><\/i><\/span><div class=\"fusion-li-item-content\">\n<p style=\"color: rgb(255, 255, 255);\"><u>Hotel and Accommodation Facilities<\/u><\/p>\n<\/div><\/li><li class=\"fusion-li-item\" style=\"\"><span class=\"icon-wrapper circle-no\"><i class=\"fusion-li-icon fa-dot-circle fas\" aria-hidden=\"true\"><\/i><\/span><div class=\"fusion-li-item-content\">\n<p style=\"color: rgb(255, 255, 255);\"><u>Hospitals and Healthcare Organizations<\/u><\/p>\n<\/div><\/li><li class=\"fusion-li-item\" style=\"\"><span class=\"icon-wrapper circle-no\"><i class=\"fusion-li-icon fa-dot-circle fas\" aria-hidden=\"true\"><\/i><\/span><div class=\"fusion-li-item-content\">\n<p style=\"color: rgb(255, 255, 255);\"><u>Education Institutions<\/u><\/p>\n<\/div><\/li><li class=\"fusion-li-item\" style=\"\"><span class=\"icon-wrapper circle-no\"><i class=\"fusion-li-icon fa-dot-circle fas\" aria-hidden=\"true\"><\/i><\/span><div class=\"fusion-li-item-content\">\n<p style=\"color: rgb(255, 255, 255);\"><u>Warehouses and Logistics Centers<\/u><\/p>\n<\/div><\/li><li class=\"fusion-li-item\" style=\"\"><span class=\"icon-wrapper circle-no\"><i class=\"fusion-li-icon fa-dot-circle fas\" aria-hidden=\"true\"><\/i><\/span><div class=\"fusion-li-item-content\">\n<p style=\"color: rgb(255, 255, 255);\"><u>Public Buildings and Offices<\/u><\/p>\n<\/div><\/li><li class=\"fusion-li-item\" style=\"\"><span class=\"icon-wrapper circle-no\"><i class=\"fusion-li-icon fa-dot-circle fas\" aria-hidden=\"true\"><\/i><\/span><div class=\"fusion-li-item-content\">\n<p style=\"color: rgb(255, 255, 255);\"><u>Marine Vehicles and Marine Structures<\/u><\/p>\n<\/div><\/li><\/ul><div class=\"fusion-text fusion-text-2\"><h3 data-start=\"2111\" data-end=\"2147\" style=\"text-align: center; color: rgb(255, 255, 255); font-size: 25px;\" data-fusion-font=\"true\">Her Proje \u0130\u00e7in Do\u011fru Sistem<\/h3>\n<p data-end=\"2365\" data-start=\"2148\" style=\"text-align: center; color: rgb(255, 255, 255);\">404 Magni analyzes on site, takes into account legal requirements and produces application-specific solutions to establish the right fire safety system in every sector. Because we know that every structure is different and every risk is special.<\/p>\n<\/div><\/div><\/div><\/div><\/div>","protected":false},"excerpt":{"rendered":"","protected":false},"author":1,"featured_media":2303,"parent":0,"menu_order":0,"comment_status":"closed","ping_status":"closed","template":"100-width.php","meta":{"footnotes":""},"class_list":["post-2404","page","type-page","status-publish","has-post-thumbnail","hentry"],"_links":{"self":[{"href":"https:\/\/404magni.com\/en\/wp-json\/wp\/v2\/pages\/2404","targetHints":{"allow":["GET"]}}],"collection":[{"href":"https:\/\/404magni.com\/en\/wp-json\/wp\/v2\/pages"}],"about":[{"href":"https:\/\/404magni.com\/en\/wp-json\/wp\/v2\/types\/page"}],"author":[{"embeddable":true,"href":"https:\/\/404magni.com\/en\/wp-json\/wp\/v2\/users\/1"}],"replies":[{"embeddable":true,"href":"https:\/\/404magni.com\/en\/wp-json\/wp\/v2\/comments?post=2404"}],"version-history":[{"count":0,"href":"https:\/\/404magni.com\/en\/wp-json\/wp\/v2\/pages\/2404\/revisions"}],"wp:featuredmedia":[{"embeddable":true,"href":"https:\/\/404magni.com\/en\/wp-json\/wp\/v2\/media\/2303"}],"wp:attachment":[{"href":"https:\/\/404magni.com\/en\/wp-json\/wp\/v2\/media?parent=2404"}],"curies":[{"name":"wp","href":"https:\/\/api.w.org\/{rel}","templated":true}]}}