{"id":2549,"date":"2025-06-15T11:18:19","date_gmt":"2025-06-15T08:18:19","guid":{"rendered":"https:\/\/404magni.com\/?post_type=product&#038;p=2549"},"modified":"2026-01-16T18:38:46","modified_gmt":"2026-01-16T15:38:46","slug":"magni-2-litre-jel-yangin-sondurucu","status":"publish","type":"product","link":"https:\/\/404magni.com\/en\/product\/magni-2-litre-jel-yangin-sondurucu\/","title":{"rendered":"Magni 2 Litre Jel Yang\u0131n S\u00f6nd\u00fcr\u00fcc\u00fc"},"content":{"rendered":"","protected":false},"excerpt":{"rendered":"<p data-path-to-node=\"9\">G\u00fcnl\u00fck hayat\u0131m\u0131z\u0131n vazge\u00e7ilmezi olan e-scooterlar, telefonlar ve laptoplar art\u0131k \u00e7ok daha g\u00fcvende. <b data-path-to-node=\"4\" data-index-in-node=\"109\">5A 34B 5F<\/b> performans de\u011ferlerine sahip bu 2 litrelik t\u00fcp, sadece lityum iyon pil yang\u0131nlar\u0131n\u0131 s\u00f6nd\u00fcrmekle kalmaz, ayn\u0131 zamanda termal kararl\u0131l\u0131k sa\u011flayarak yang\u0131n\u0131n yay\u0131lmas\u0131n\u0131 engeller. Evinizde, ofisinizde veya arac\u0131n\u0131zda bulundurabilece\u011finiz bu profesyonel \u00e7\u00f6z\u00fcmle, batarya yang\u0131n\u0131 risklerine kar\u015f\u0131 her an haz\u0131rl\u0131kl\u0131 olun.<\/p>\n<p data-path-to-node=\"8\"><b data-path-to-node=\"8\" data-index-in-node=\"0\">\u00d6zellikler:<\/b><\/p>\n<ul data-path-to-node=\"9\">\n<li>\n<p data-path-to-node=\"9,0,0\"><b data-path-to-node=\"9,0,0\" data-index-in-node=\"0\">\u00c7ok Y\u00f6nl\u00fc S\u00f6nd\u00fcrme:<\/b> <b data-path-to-node=\"9,0,0\" data-index-in-node=\"20\">5A<\/b> (Kat\u0131), <b data-path-to-node=\"9,0,0\" data-index-in-node=\"31\">34B<\/b> (S\u0131v\u0131) ve <b data-path-to-node=\"9,0,0\" data-index-in-node=\"45\">5F<\/b> (Ya\u011f) de\u011ferleriyle hibrit kullan\u0131m imkan\u0131 sa\u011flar.<\/p>\n<\/li>\n<li>\n<p data-path-to-node=\"9,1,0\"><b data-path-to-node=\"9,1,0\" data-index-in-node=\"0\">So\u011futma Etkisi:<\/b> Bataryan\u0131n i\u00e7indeki kimyasal reaksiyonu (termal ka\u00e7ak) so\u011futarak durdurur.<\/p>\n<\/li>\n<li>\n<p data-path-to-node=\"9,2,0\"><b data-path-to-node=\"9,2,0\" data-index-in-node=\"0\">IIB S\u0131n\u0131f\u0131 G\u00fcvenlik:<\/b> Yan\u0131c\u0131 gazlar\u0131n ve pil bile\u015fenlerinin olu\u015fturdu\u011fu tehlikeli atmosferlerde y\u00fcksek verimle \u00e7al\u0131\u015f\u0131r.<\/p>\n<\/li>\n<li>\n<p data-path-to-node=\"9,3,0\"><b data-path-to-node=\"9,3,0\" data-index-in-node=\"0\">Ergonomik Boyut:<\/b> 2 litrelik hafif tasar\u0131m\u0131 sayesinde h\u0131zl\u0131 m\u00fcdahale imkan\u0131 sunar, saklama alan\u0131 kaplamaz.<\/p>\n<\/li>\n<\/ul>","protected":false},"featured_media":2766,"template":"","meta":[],"product_brand":[],"product_cat":[104],"product_tag":[],"class_list":{"0":"post-2549","1":"product","2":"type-product","3":"status-publish","4":"has-post-thumbnail","6":"product_cat-jel-yangin-sondurucu","8":"first","9":"instock","10":"shipping-taxable","11":"product-type-simple"},"_links":{"self":[{"href":"https:\/\/404magni.com\/en\/wp-json\/wp\/v2\/product\/2549","targetHints":{"allow":["GET"]}}],"collection":[{"href":"https:\/\/404magni.com\/en\/wp-json\/wp\/v2\/product"}],"about":[{"href":"https:\/\/404magni.com\/en\/wp-json\/wp\/v2\/types\/product"}],"wp:featuredmedia":[{"embeddable":true,"href":"https:\/\/404magni.com\/en\/wp-json\/wp\/v2\/media\/2766"}],"wp:attachment":[{"href":"https:\/\/404magni.com\/en\/wp-json\/wp\/v2\/media?parent=2549"}],"wp:term":[{"taxonomy":"product_brand","embeddable":true,"href":"https:\/\/404magni.com\/en\/wp-json\/wp\/v2\/product_brand?post=2549"},{"taxonomy":"product_cat","embeddable":true,"href":"https:\/\/404magni.com\/en\/wp-json\/wp\/v2\/product_cat?post=2549"},{"taxonomy":"product_tag","embeddable":true,"href":"https:\/\/404magni.com\/en\/wp-json\/wp\/v2\/product_tag?post=2549"}],"curies":[{"name":"wp","href":"https:\/\/api.w.org\/{rel}","templated":true}]}}