{"id":2551,"date":"2025-06-15T11:20:12","date_gmt":"2025-06-15T08:20:12","guid":{"rendered":"https:\/\/404magni.com\/?post_type=product&#038;p=2551"},"modified":"2026-01-16T18:44:52","modified_gmt":"2026-01-16T15:44:52","slug":"magni-6-litre-jel-yangin-sondurucu","status":"publish","type":"product","link":"https:\/\/404magni.com\/en\/product\/magni-6-litre-jel-yangin-sondurucu\/","title":{"rendered":"Magni 6 Litre Jel Yang\u0131n S\u00f6nd\u00fcr\u00fcc\u00fc"},"content":{"rendered":"","protected":false},"excerpt":{"rendered":"<p>Geli\u015fmi\u015f enerji depolama sistemleri ve elektrikli ara\u00e7 (EV) ekosistemi i\u00e7in tasarlanan bu 6 litrelik \u00fcnite, <b data-path-to-node=\"5\" data-index-in-node=\"118\">8A 113B 25F<\/b> yang\u0131n s\u0131n\u0131fland\u0131rmas\u0131yla ola\u011fan\u00fcst\u00fc bir s\u00f6n\u00fcmleme g\u00fcc\u00fc sunar. Lityum iyon bataryalar\u0131n en tehlikeli a\u015famas\u0131 olan <b data-path-to-node=\"5\" data-index-in-node=\"244\">termal ka\u00e7ak (thermal runaway)<\/b> s\u00fcrecini, \u00f6zel so\u011futucu etkisiyle bloke eder. <b data-path-to-node=\"5\" data-index-in-node=\"321\">113B<\/b> gibi \u00e7ok y\u00fcksek bir s\u0131v\u0131 s\u00f6nd\u00fcrme derecesine sahip olmas\u0131, batarya i\u00e7indeki yan\u0131c\u0131 elektrolitlerin ve akaryak\u0131t t\u00fcrevlerinin h\u0131zla kontrol alt\u0131na al\u0131nmas\u0131n\u0131 sa\u011flar.<\/p>\n<p data-path-to-node=\"9\"><b data-path-to-node=\"9\" data-index-in-node=\"0\">\u00d6zellikler:<\/b><\/p>\n<ul data-path-to-node=\"10\">\n<li>\n<p data-path-to-node=\"10,0,0\"><b data-path-to-node=\"10,0,0\" data-index-in-node=\"0\">Maksimum Koruma:<\/b> <b data-path-to-node=\"10,0,0\" data-index-in-node=\"17\">8A 113B 25F<\/b> derecelendirmesi ile hem batarya yang\u0131nlar\u0131nda hem de b\u00fcy\u00fck \u00f6l\u00e7ekli kat\u0131\/s\u0131v\u0131 yang\u0131nlar\u0131nda rakipsizdir.<\/p>\n<\/li>\n<li>\n<p data-path-to-node=\"10,1,0\"><b data-path-to-node=\"10,1,0\" data-index-in-node=\"0\">IIB S\u0131n\u0131f\u0131 G\u00fcvence:<\/b> Yan\u0131c\u0131 gaz ve kimyasal reaksiyon risklerine kar\u015f\u0131 tam uyumluluk.<\/p>\n<\/li>\n<li>\n<p data-path-to-node=\"10,2,0\"><b data-path-to-node=\"10,2,0\" data-index-in-node=\"0\">So\u011futma Teknolojisi:<\/b> Batarya h\u00fccreleri aras\u0131ndaki \u0131s\u0131 transferini durdurarak yang\u0131n\u0131n yeniden ba\u015flamas\u0131n\u0131 engeller.<\/p>\n<\/li>\n<li>\n<p data-path-to-node=\"10,3,0\"><b data-path-to-node=\"10,3,0\" data-index-in-node=\"0\">Geni\u015f Kullan\u0131m Alan\u0131:<\/b> \u015earj istasyonlar\u0131, lojistik depolar\u0131, batarya \u00fcretim tesisleri ve elektrikli otomobil garajlar\u0131 i\u00e7in idealdir.<\/p>\n<\/li>\n<\/ul>","protected":false},"featured_media":2767,"template":"","meta":[],"product_brand":[],"product_cat":[104],"product_tag":[],"class_list":{"0":"post-2551","1":"product","2":"type-product","3":"status-publish","4":"has-post-thumbnail","6":"product_cat-jel-yangin-sondurucu","8":"first","9":"instock","10":"shipping-taxable","11":"product-type-simple"},"_links":{"self":[{"href":"https:\/\/404magni.com\/en\/wp-json\/wp\/v2\/product\/2551","targetHints":{"allow":["GET"]}}],"collection":[{"href":"https:\/\/404magni.com\/en\/wp-json\/wp\/v2\/product"}],"about":[{"href":"https:\/\/404magni.com\/en\/wp-json\/wp\/v2\/types\/product"}],"wp:featuredmedia":[{"embeddable":true,"href":"https:\/\/404magni.com\/en\/wp-json\/wp\/v2\/media\/2767"}],"wp:attachment":[{"href":"https:\/\/404magni.com\/en\/wp-json\/wp\/v2\/media?parent=2551"}],"wp:term":[{"taxonomy":"product_brand","embeddable":true,"href":"https:\/\/404magni.com\/en\/wp-json\/wp\/v2\/product_brand?post=2551"},{"taxonomy":"product_cat","embeddable":true,"href":"https:\/\/404magni.com\/en\/wp-json\/wp\/v2\/product_cat?post=2551"},{"taxonomy":"product_tag","embeddable":true,"href":"https:\/\/404magni.com\/en\/wp-json\/wp\/v2\/product_tag?post=2551"}],"curies":[{"name":"wp","href":"https:\/\/api.w.org\/{rel}","templated":true}]}}