{"id":2780,"date":"2026-01-16T18:47:54","date_gmt":"2026-01-16T15:47:54","guid":{"rendered":"https:\/\/404magni.com\/?post_type=product&#038;p=2780"},"modified":"2026-01-16T18:52:18","modified_gmt":"2026-01-16T15:52:18","slug":"magni-2-litre-jel-yangin-sondurucu-2","status":"publish","type":"product","link":"https:\/\/404magni.com\/en\/product\/magni-2-litre-jel-yangin-sondurucu-2\/","title":{"rendered":"Magni 2 Litre Jel Yang\u0131n S\u00f6nd\u00fcr\u00fcc\u00fc"},"content":{"rendered":"","protected":false},"excerpt":{"rendered":"<p data-path-to-node=\"9\">Tek bir t\u00fcple t\u00fcm risklere haz\u0131rl\u0131kl\u0131 olun! 2 litrelik bu kompakt s\u00f6nd\u00fcr\u00fcc\u00fc, evinizde veya arac\u0131n\u0131zda \u00e7\u0131kabilecek farkl\u0131 tipteki yang\u0131nlara kar\u015f\u0131 profesyonel \u00e7\u00f6z\u00fcm sunar. Kat\u0131 maddelerden (A), yan\u0131c\u0131 s\u0131v\u0131lara (B) ve en tehlikeli mutfak yang\u0131nlar\u0131 olan ya\u011f yang\u0131nlar\u0131na (F) kadar her noktada tam g\u00fcvenlik sa\u011flar. Ergonomik tasar\u0131m\u0131 sayesinde acil durumlarda h\u0131zl\u0131ca kavran\u0131r ve kolayca m\u00fcdahale imkan\u0131 tan\u0131r.<\/p>\n<p data-path-to-node=\"8\"><b data-path-to-node=\"8\" data-index-in-node=\"0\">Teknik Kabiliyetler:<\/b><\/p>\n<ul data-path-to-node=\"9\">\n<li>\n<p data-path-to-node=\"9,0,0\"><b data-path-to-node=\"9,0,0\" data-index-in-node=\"0\">5A Performans\u0131:<\/b> Ka\u011f\u0131t, ah\u015fap, plastik ve tekstil gibi kat\u0131 madde yang\u0131nlar\u0131nda etkili s\u00f6n\u00fcmleme.<\/p>\n<\/li>\n<li>\n<p data-path-to-node=\"9,1,0\"><b data-path-to-node=\"9,1,0\" data-index-in-node=\"0\">34B Performans\u0131:<\/b> Benzin, mazot ve di\u011fer yan\u0131c\u0131 s\u0131v\u0131lar\u0131n h\u0131zl\u0131ca kontrol alt\u0131na al\u0131nmas\u0131.<\/p>\n<\/li>\n<li>\n<p data-path-to-node=\"9,2,0\"><b data-path-to-node=\"9,2,0\" data-index-in-node=\"0\">5F Performans\u0131:<\/b> \u00d6zellikle mutfaklarda frit\u00f6z ve bitkisel\/hayvansal ya\u011f yang\u0131nlar\u0131n\u0131 k\u00f6p\u00fcrterek bo\u011fma ve so\u011futma \u00f6zelli\u011fi.<\/p>\n<\/li>\n<li>\n<p data-path-to-node=\"9,3,0\"><b data-path-to-node=\"9,3,0\" data-index-in-node=\"0\">Tasar\u0131m:<\/b> K\u00fc\u00e7\u00fck boyut, y\u00fcksek bas\u0131n\u00e7 dayan\u0131m\u0131 ve kolay okunabilir manometre.<\/p>\n<\/li>\n<\/ul>","protected":false},"featured_media":2783,"template":"","meta":[],"product_brand":[],"product_cat":[104],"product_tag":[],"class_list":{"0":"post-2780","1":"product","2":"type-product","3":"status-publish","4":"has-post-thumbnail","6":"product_cat-jel-yangin-sondurucu","8":"first","9":"instock","10":"shipping-taxable","11":"product-type-simple"},"_links":{"self":[{"href":"https:\/\/404magni.com\/en\/wp-json\/wp\/v2\/product\/2780","targetHints":{"allow":["GET"]}}],"collection":[{"href":"https:\/\/404magni.com\/en\/wp-json\/wp\/v2\/product"}],"about":[{"href":"https:\/\/404magni.com\/en\/wp-json\/wp\/v2\/types\/product"}],"wp:featuredmedia":[{"embeddable":true,"href":"https:\/\/404magni.com\/en\/wp-json\/wp\/v2\/media\/2783"}],"wp:attachment":[{"href":"https:\/\/404magni.com\/en\/wp-json\/wp\/v2\/media?parent=2780"}],"wp:term":[{"taxonomy":"product_brand","embeddable":true,"href":"https:\/\/404magni.com\/en\/wp-json\/wp\/v2\/product_brand?post=2780"},{"taxonomy":"product_cat","embeddable":true,"href":"https:\/\/404magni.com\/en\/wp-json\/wp\/v2\/product_cat?post=2780"},{"taxonomy":"product_tag","embeddable":true,"href":"https:\/\/404magni.com\/en\/wp-json\/wp\/v2\/product_tag?post=2780"}],"curies":[{"name":"wp","href":"https:\/\/api.w.org\/{rel}","templated":true}]}}