{"id":2798,"date":"2026-01-17T13:45:49","date_gmt":"2026-01-17T10:45:49","guid":{"rendered":"https:\/\/404magni.com\/?post_type=product&#038;p=2798"},"modified":"2026-01-17T14:08:38","modified_gmt":"2026-01-17T11:08:38","slug":"magni-1-kg-toz-yangin-sondurucu","status":"publish","type":"product","link":"https:\/\/404magni.com\/en\/product\/magni-1-kg-toz-yangin-sondurucu\/","title":{"rendered":"Magni 1 Kg Toz Yang\u0131n S\u00f6nd\u00fcr\u00fcc\u00fc"},"content":{"rendered":"","protected":false},"excerpt":{"rendered":"<p>G\u00fcvenli\u011fi yan\u0131n\u0131zda ta\u015f\u0131y\u0131n! MAGN\u0130 1 kg yang\u0131n s\u00f6nd\u00fcr\u00fcc\u00fc, k\u00fc\u00e7\u00fck boyutuna ra\u011fmen <b data-path-to-node=\"5\" data-index-in-node=\"90\">5A 21B C<\/b> performans de\u011ferleriyle her t\u00fcrl\u00fc ba\u015flang\u0131\u00e7 yang\u0131n\u0131na kar\u015f\u0131 etkili bir savunma yapar. \u00d6zellikle LPG, do\u011falgaz ve yan\u0131c\u0131 gaz yang\u0131nlar\u0131nda (C s\u0131n\u0131f\u0131) hayat kurtar\u0131c\u0131 bir rol oynar. Arac\u0131n\u0131zda, teknenizde veya mutfa\u011f\u0131n\u0131zda yer kaplamadan en b\u00fcy\u00fck g\u00fcvenceniz olur.<\/p>\n<p data-path-to-node=\"9\"><b data-path-to-node=\"9\" data-index-in-node=\"0\">Teknik Kabiliyetler:<\/b><\/p>\n<ul data-path-to-node=\"10\">\n<li>\n<p data-path-to-node=\"10,0,0\"><b data-path-to-node=\"10,0,0\" data-index-in-node=\"0\">C S\u0131n\u0131f\u0131 Uzmanl\u0131\u011f\u0131:<\/b> Yan\u0131c\u0131 gaz (LPG, Metan, Hidrojen vb.) yang\u0131nlar\u0131n\u0131 h\u0131zla keser.<\/p>\n<\/li>\n<li>\n<p data-path-to-node=\"10,1,0\"><b data-path-to-node=\"10,1,0\" data-index-in-node=\"0\">5A Performans\u0131:<\/b> Ah\u015fap, ka\u011f\u0131t ve tekstil gibi kat\u0131 madde yang\u0131nlar\u0131nda etkili m\u00fcdahale.<\/p>\n<\/li>\n<li>\n<p data-path-to-node=\"10,2,0\"><b data-path-to-node=\"10,2,0\" data-index-in-node=\"0\">21B Performans\u0131:<\/b> Benzin ve mazot gibi yan\u0131c\u0131 s\u0131v\u0131 yang\u0131nlar\u0131n\u0131 saniyeler i\u00e7inde bo\u011fma g\u00fcc\u00fc.<\/p>\n<\/li>\n<li>\n<p data-path-to-node=\"10,3,0\"><b data-path-to-node=\"10,3,0\" data-index-in-node=\"0\">Kompakt Tasar\u0131m:<\/b> 1 kg\u2019l\u0131k hafif g\u00f6vde, acil durumlarda herkes taraf\u0131ndan kolayca kullan\u0131labilir.<\/p>\n<\/li>\n<li>\n<p data-path-to-node=\"10,4,0\"><b data-path-to-node=\"10,4,0\" data-index-in-node=\"0\">Dayan\u0131kl\u0131l\u0131k:<\/b> Sars\u0131nt\u0131ya ve zorlu \u015fartlara uygun y\u00fcksek kaliteli vana ve g\u00f6vde yap\u0131s\u0131.<\/p>\n<\/li>\n<\/ul>","protected":false},"featured_media":2804,"template":"","meta":[],"product_brand":[],"product_cat":[105],"product_tag":[],"class_list":{"0":"post-2798","1":"product","2":"type-product","3":"status-publish","4":"has-post-thumbnail","6":"product_cat-toz-yangin-sondurucu","8":"first","9":"instock","10":"shipping-taxable","11":"product-type-simple"},"_links":{"self":[{"href":"https:\/\/404magni.com\/en\/wp-json\/wp\/v2\/product\/2798","targetHints":{"allow":["GET"]}}],"collection":[{"href":"https:\/\/404magni.com\/en\/wp-json\/wp\/v2\/product"}],"about":[{"href":"https:\/\/404magni.com\/en\/wp-json\/wp\/v2\/types\/product"}],"wp:featuredmedia":[{"embeddable":true,"href":"https:\/\/404magni.com\/en\/wp-json\/wp\/v2\/media\/2804"}],"wp:attachment":[{"href":"https:\/\/404magni.com\/en\/wp-json\/wp\/v2\/media?parent=2798"}],"wp:term":[{"taxonomy":"product_brand","embeddable":true,"href":"https:\/\/404magni.com\/en\/wp-json\/wp\/v2\/product_brand?post=2798"},{"taxonomy":"product_cat","embeddable":true,"href":"https:\/\/404magni.com\/en\/wp-json\/wp\/v2\/product_cat?post=2798"},{"taxonomy":"product_tag","embeddable":true,"href":"https:\/\/404magni.com\/en\/wp-json\/wp\/v2\/product_tag?post=2798"}],"curies":[{"name":"wp","href":"https:\/\/api.w.org\/{rel}","templated":true}]}}