{"id":2827,"date":"2026-01-17T13:58:18","date_gmt":"2026-01-17T10:58:18","guid":{"rendered":"https:\/\/404magni.com\/?post_type=product&#038;p=2827"},"modified":"2026-01-17T14:23:22","modified_gmt":"2026-01-17T11:23:22","slug":"magni-aerosol-1000-ml","status":"publish","type":"product","link":"https:\/\/404magni.com\/en\/product\/magni-aerosol-1000-ml\/","title":{"rendered":"Magni Aerosol 1000 Ml"},"content":{"rendered":"","protected":false},"excerpt":{"rendered":"<p>404 Magni Yang\u0131n Savar, kompakt boyutu sayesinde ev, mutfak, ofis, ara\u00e7, kamp, tekne, garaj, depo ve at\u00f6lye gibi bir\u00e7ok alanda kolayca saklanabilir ve kullan\u0131labilir. Yang\u0131n \u00fc\u00e7geninin \u0131s\u0131 ve oksijen bile\u015fenlerini ortadan kald\u0131rarak alevleri h\u0131zla kontrol alt\u0131na al\u0131r. \u0130lk iki dakikada m\u00fcdahale edilmezse k\u00fc\u00e7\u00fck alevler b\u00fcy\u00fck yang\u0131nlara d\u00f6n\u00fc\u015febilir. Bu sprey, suyla s\u00f6nd\u00fcr\u00fclemeyen bitkisel ya\u011f (3 litre) ve benzin (1 litre) gibi maddelerin alevlerini etkili \u015fekilde bast\u0131r\u0131r. Aerosol form\u00fcl\u00fcyle oksijenle temas\u0131 keser, so\u011futur ve yeniden alevlenmeyi \u00f6nler. Ayr\u0131ca \u00e7evreye s\u0131k\u0131ld\u0131\u011f\u0131nda alev geciktirici etkisiyle yang\u0131n\u0131n yay\u0131lmas\u0131n\u0131 engeller.<\/p>\n<p>\u00d6ne \u00c7\u0131kan \u00d6zellikler<br \/>\nKullan\u0131m Alanlar\u0131: Ev, mutfak, ofis, ara\u00e7 i\u00e7i, at\u00f6lye, \u00e7ad\u0131r gibi bir\u00e7ok alanda kolayca kullan\u0131labilir.<\/p>\n<p>Yang\u0131n T\u00fcrleri: A (kat\u0131 madde), B (s\u0131v\u0131 madde) ve F (ya\u011f) s\u0131n\u0131f\u0131 yang\u0131nlara kar\u015f\u0131 etkilidir.<\/p>\n<p>Kullan\u0131m Kolayl\u0131\u011f\u0131: Kapa\u011f\u0131 a\u00e7\u0131p teti\u011fe basarak \u00e7al\u0131\u015f\u0131r; tek elle kullan\u0131labilir ve \u00f6zel bir e\u011fitim gerektirmez.<\/p>\n<p>Teknik \u00d6zellikler<br \/>\nHacim: 1000 ml<br \/>\nMaksimum Bas\u0131n\u00e7 Dayan\u0131m\u0131: 10 bar<br \/>\n\u0130tici Gaz: Azot (N\u2082)<br \/>\nSaklama S\u0131cakl\u0131\u011f\u0131: 1\u00b0C \u2013 50\u00b0C<br \/>\npH De\u011feri: 6 \u2013 9,5<br \/>\nYo\u011funluk: 1.03 \u00b1 0.1 g\/ml<br \/>\nKullan\u0131m \u015eekli: Kapa\u011f\u0131 a\u00e7\u0131p teti\u011fe basarak \u00e7al\u0131\u015f\u0131r. Bir alev g\u00f6rd\u00fc\u011f\u00fcn\u00fczde, kapa\u011f\u0131 a\u00e7\u0131n ve g\u00fcvenli bir mesafeden (minimum 1 metre) ate\u015fe p\u00fcsk\u00fcrt\u00fcn. Belirli aral\u0131klarla, durarak alevin b\u00fcy\u00fckl\u00fc\u011f\u00fcn\u00fc g\u00f6zlemleyin. Alevler s\u00f6nd\u00fck\u00e7e yakla\u015f\u0131n ve p\u00fcsk\u00fcrtmeye devam edin. Alevler tamamen kaybolduktan sonra etkili so\u011futma sa\u011flamak i\u00e7in kutunun tamam\u0131n\u0131 s\u0131k\u0131n. (\u00dcr\u00fcn\u00fc sat\u0131n ald\u0131\u011f\u0131n\u0131zda kapa\u011f\u0131 a\u00e7\u0131k bir \u015fekilde muhafaza ederek daha h\u0131zl\u0131 m\u00fcdahale sa\u011flayabilirsiniz. \u00dcr\u00fcn\u00fc kolay eri\u015febilece\u011finiz ve ocaktan uzak bir yerde muhafaza ediniz.)<\/p>","protected":false},"featured_media":2799,"template":"","meta":[],"product_brand":[],"product_cat":[108],"product_tag":[],"class_list":{"0":"post-2827","1":"product","2":"type-product","3":"status-publish","4":"has-post-thumbnail","6":"product_cat-aerosol","8":"first","9":"instock","10":"shipping-taxable","11":"product-type-simple"},"_links":{"self":[{"href":"https:\/\/404magni.com\/en\/wp-json\/wp\/v2\/product\/2827","targetHints":{"allow":["GET"]}}],"collection":[{"href":"https:\/\/404magni.com\/en\/wp-json\/wp\/v2\/product"}],"about":[{"href":"https:\/\/404magni.com\/en\/wp-json\/wp\/v2\/types\/product"}],"wp:featuredmedia":[{"embeddable":true,"href":"https:\/\/404magni.com\/en\/wp-json\/wp\/v2\/media\/2799"}],"wp:attachment":[{"href":"https:\/\/404magni.com\/en\/wp-json\/wp\/v2\/media?parent=2827"}],"wp:term":[{"taxonomy":"product_brand","embeddable":true,"href":"https:\/\/404magni.com\/en\/wp-json\/wp\/v2\/product_brand?post=2827"},{"taxonomy":"product_cat","embeddable":true,"href":"https:\/\/404magni.com\/en\/wp-json\/wp\/v2\/product_cat?post=2827"},{"taxonomy":"product_tag","embeddable":true,"href":"https:\/\/404magni.com\/en\/wp-json\/wp\/v2\/product_tag?post=2827"}],"curies":[{"name":"wp","href":"https:\/\/api.w.org\/{rel}","templated":true}]}}