{"id":2842,"date":"2026-01-17T14:18:07","date_gmt":"2026-01-17T11:18:07","guid":{"rendered":"https:\/\/404magni.com\/?post_type=product&#038;p=2842"},"modified":"2026-01-17T14:44:29","modified_gmt":"2026-01-17T11:44:29","slug":"magni-12-kg-toz-yangin-sondurucu-2","status":"publish","type":"product","link":"https:\/\/404magni.com\/en\/product\/magni-12-kg-toz-yangin-sondurucu-2\/","title":{"rendered":"Magni 12 Kg Toz Yang\u0131n S\u00f6nd\u00fcr\u00fcc\u00fc"},"content":{"rendered":"","protected":false},"excerpt":{"rendered":"<p>B\u00fcy\u00fck \u00f6l\u00e7ekli end\u00fcstriyel tesisler, geni\u015f antrepolar ve y\u00fcksek riskli imalathaneler i\u00e7in nihai \u00e7\u00f6z\u00fcm. MAGN\u0130 12 kg, sahip oldu\u011fu <b data-path-to-node=\"4\" data-index-in-node=\"138\">183B<\/b> de\u011feri ile devasa yan\u0131c\u0131 s\u0131v\u0131 havuzlar\u0131n\u0131, <b data-path-to-node=\"4\" data-index-in-node=\"186\">43A<\/b> de\u011feri ile ise \u00e7ok yo\u011fun kat\u0131 madde yang\u0131nlar\u0131n\u0131 etkisiz hale getirebilecek g\u00fc\u00e7tedir. 12 kg&#8217;l\u0131k y\u00fcksek toz kapasitesi, yang\u0131n tamamen s\u00f6nene kadar personelin g\u00fcvenli bir mesafeden m\u00fcdahale etmesini sa\u011flayan uzun s\u00fcreli ve y\u00fcksek bas\u0131n\u00e7l\u0131 bir p\u00fcsk\u00fcrtme performans\u0131 sunar.<\/p>\n<p data-path-to-node=\"8\"><b data-path-to-node=\"8\" data-index-in-node=\"0\">\u00d6ne \u00c7\u0131kan \u00d6zellikler:<\/b><\/p>\n<ul data-path-to-node=\"9\">\n<li>\n<p data-path-to-node=\"9,0,0\"><b data-path-to-node=\"9,0,0\" data-index-in-node=\"0\">Ekstrem Performans G\u00fcc\u00fc:<\/b> <b data-path-to-node=\"9,0,0\" data-index-in-node=\"25\">43A<\/b> (Yo\u011fun Kat\u0131) ve <b data-path-to-node=\"9,0,0\" data-index-in-node=\"45\">183B<\/b> (Geni\u015f Alan S\u0131v\u0131) derecelendirmesi ile yang\u0131n s\u0131n\u0131flar\u0131n\u0131n en \u00fcst segmentinde koruma.<\/p>\n<\/li>\n<li>\n<p data-path-to-node=\"9,1,0\"><b data-path-to-node=\"9,1,0\" data-index-in-node=\"0\">Kesintisiz M\u00fcdahale:<\/b> Geni\u015f toz rezervi sayesinde, yang\u0131n\u0131n yeniden alevlenme riskini ortadan kald\u0131ran uzun s\u00fcreli s\u00f6n\u00fcmleme etkisi.<\/p>\n<\/li>\n<li>\n<p data-path-to-node=\"9,2,0\"><b data-path-to-node=\"9,2,0\" data-index-in-node=\"0\">\u00c7ok Y\u00f6nl\u00fc Kullan\u0131m (ABC):<\/b> Kat\u0131 ve s\u0131v\u0131 yang\u0131nlar\u0131n\u0131n yan\u0131 s\u0131ra gaz yang\u0131nlar\u0131na (C s\u0131n\u0131f\u0131) kar\u015f\u0131 da tam profesyonel m\u00fcdahale imkan\u0131.<\/p>\n<\/li>\n<li>\n<p data-path-to-node=\"9,3,0\"><b data-path-to-node=\"9,3,0\" data-index-in-node=\"0\">Donan\u0131m Kalitesi:<\/b> End\u00fcstriyel \u015fartlara uygun, y\u00fcksek bas\u0131n\u00e7 dayan\u0131ml\u0131 g\u00f6vde ve profesyonel lans hortumu.<\/p>\n<\/li>\n<li>\n<p data-path-to-node=\"9,4,0\"><b data-path-to-node=\"9,4,0\" data-index-in-node=\"0\">Uygulama Alanlar\u0131:<\/b> Akaryak\u0131t istasyonlar\u0131, hangarlar, gemiler, lojistik depolar\u0131 ve enerji santralleri.<\/p>\n<\/li>\n<\/ul>","protected":false},"featured_media":2809,"template":"","meta":[],"product_brand":[],"product_cat":[105],"product_tag":[],"class_list":{"0":"post-2842","1":"product","2":"type-product","3":"status-publish","4":"has-post-thumbnail","6":"product_cat-toz-yangin-sondurucu","8":"first","9":"instock","10":"shipping-taxable","11":"product-type-simple"},"_links":{"self":[{"href":"https:\/\/404magni.com\/en\/wp-json\/wp\/v2\/product\/2842","targetHints":{"allow":["GET"]}}],"collection":[{"href":"https:\/\/404magni.com\/en\/wp-json\/wp\/v2\/product"}],"about":[{"href":"https:\/\/404magni.com\/en\/wp-json\/wp\/v2\/types\/product"}],"wp:featuredmedia":[{"embeddable":true,"href":"https:\/\/404magni.com\/en\/wp-json\/wp\/v2\/media\/2809"}],"wp:attachment":[{"href":"https:\/\/404magni.com\/en\/wp-json\/wp\/v2\/media?parent=2842"}],"wp:term":[{"taxonomy":"product_brand","embeddable":true,"href":"https:\/\/404magni.com\/en\/wp-json\/wp\/v2\/product_brand?post=2842"},{"taxonomy":"product_cat","embeddable":true,"href":"https:\/\/404magni.com\/en\/wp-json\/wp\/v2\/product_cat?post=2842"},{"taxonomy":"product_tag","embeddable":true,"href":"https:\/\/404magni.com\/en\/wp-json\/wp\/v2\/product_tag?post=2842"}],"curies":[{"name":"wp","href":"https:\/\/api.w.org\/{rel}","templated":true}]}}